{"id":558,"date":"2021-03-30T07:50:53","date_gmt":"2021-03-30T07:50:53","guid":{"rendered":"https:\/\/zszs.walbrzych.pl\/zszs.walbrzych.pl\/?page_id=558"},"modified":"2025-04-04T07:51:07","modified_gmt":"2025-04-04T07:51:07","slug":"deklaracja-dostepnosci","status":"publish","type":"page","link":"https:\/\/zszs.walbrzych.pl\/zszs.walbrzych.pl\/deklaracja-dostepnosci\/","title":{"rendered":"Deklaracja dost\u0119pno\u015bci"},"content":{"rendered":"<h1>Deklaracja dost\u0119pno\u015bci<\/h1>\n<section id=\"a11y-wstep\">\n<p><span id=\"a11y-podmiot\">Zesp\u00f3\u0142 Szk\u00f3\u0142 Zawodowych Specjalnych<\/span><br \/>\nzobowi\u0105zuje si\u0119 zapewni\u0107 dost\u0119pno\u015b\u0107 swojej <span id=\"a11y-zakres\">strony<br \/>\ninternetowej<\/span> zgodnie z ustaw\u0105 z dnia 4 kwietnia 2019 r. o dost\u0119pno\u015bci<br \/>\ncyfrowej stron internetowych i aplikacji mobilnych podmiot\u00f3w<br \/>\npublicznych.<\/p>\n<p>Deklaracja dost\u0119pno\u015bci dotyczy strony <a href=\"https:\/\/zszs.walbrzych.pl\/\" id=\"a11y-url\" target=\"_blank\" rel=\"noopener\">https:\/\/zszs.walbrzych.pl\/<\/a>.<\/p>\n<\/section>\n<section>\n<ul>\n<li>Data publikacji strony internetowej: <time id=\"a11y-data-publikacja\"\ndatetime=\"2011-08-08\">8 sierpnia 2011 r.<\/time><\/li>\n<li>Data ostatniej istotnej aktualizacji: <time id=\"a11y-data-aktualizacja\"\ndatetime=\"2020-06-23\">29 marca 2021 r.<\/time><\/li>\n<\/ul>\n<\/section>\n<section>\n<h2>Stan dost\u0119pno\u015bci cyfrowej<\/h2>\n<p id=\"a11y-status\">Ta strona internetowa jest cz\u0119\u015bciowo zgodna z<br \/>\nza\u0142\u0105cznikiem do ustawy o dost\u0119pno\u015bci cyfrowej z dnia 4 kwietnia 2019 r. o<br \/>\ndost\u0119pno\u015bci cyfrowej stron internetowych i aplikacji mobilnych podmiot\u00f3w<br \/>\npublicznych z powodu [niezgodno\u015bci i wy\u0142\u0105cze\u0144] wymienionych poni\u017cej.<\/p>\n<\/section>\n<section>\n<h2>Niedost\u0119pne tre\u015bci<\/h2>\n<section>\n<h3>Niezgodno\u015b\u0107 z za\u0142\u0105cznikiem<\/h3>\n<ul>\n<li>Z\u0142e atrybuty meta name.<\/li>\n<li>Z elementami formularzy nie s\u0105 powi\u0105zane etykiety.<\/li>\n<li>Niekt\u00f3re elementy maj\u0105 atrybut tabindex o warto\u015bci wi\u0119kszej ni\u017c 0.<\/li>\n<li>Elementy nag\u0142\u00f3wk\u00f3w nie pojawiaj\u0105 si\u0119 w kolejno\u015bci malej\u0105cej.<\/li>\n<li>B\u0142\u0119dy kontrastu.<\/li>\n<li>Obcoj\u0119zyczne polecenia.<\/li>\n<li>Brak opis\u00f3w alternatywnych.<\/li>\n<\/ul>\n<\/section>\n<\/section>\n<section>\n<h2>Przygotowanie deklaracji dost\u0119pno\u015bci<\/h2>\n<ul>\n<li>Data sporz\u0105dzenia deklaracji: <time id=\"a11y-data-sporzadzenie\"\ndatetime=\"2025-04-02\">2 kwietnia 2025 r.<\/time><\/li>\n<li>Data ostatniego przegl\u0105du deklaracji: <time id=\"a11y-data-przeglad\"\ndatetime=\"2025-03-31\">31 marca 2025 r.<\/time><\/li>\n<\/ul>\n<p>Deklaracj\u0119 sporz\u0105dzili\u015bmy na podstawie samooceny w oparciu o <a\nhref=\"https:\/\/www.gov.pl\/attachment\/1a3e2bb5-6d60-4897-ac2f-07a8e91e70ed\">Li<br \/>\nst\u0119 kontroln\u0105 do badania dost\u0119pno\u015bci cyfrowej strony internetowej v. 2.2<br \/>\n(docx, 0,12MB)<\/a>.<\/p>\n<p>Wykorzystano walidatory:<\/p>\n<ol type=\"a\">\n<li>ANDI (Accessible Name and Description Inspector),<\/li>\n<li>Wave<\/li>\n<\/ol>\n<\/section>\n<section>\n<h2>Informacje zwrotne i dane kontaktowe<\/h2>\n<p>Wszystkie problemy z dost\u0119pno\u015bci\u0105 cyfrow\u0105 tej strony internetowej mo\u017cesz<br \/>\nzg\u0142osi\u0107 do <span id=\"a11y-kontakt\">Izabela Janiszewska<\/span> &#8211; mejlowo <a\nid=\"a11y-email\"\nhref=\"mailto:sekretariat@zszs.walbrzych.pl\">sekretariat@zszs.walbrzych.pl<\/a\n\nlub telefonicznie <a id=\"a11y-telefon\" href=\"tel:748422580\">74 842 25<br \/>\n80<\/a>.<\/p>\n<p>Ka\u017cdy ma prawo wyst\u0105pi\u0107 z \u017c\u0105daniem zapewnienia dost\u0119pno\u015bci cyfrowej tej<br \/>\nstrony internetowej lub jej element\u00f3w.<\/p>\n<p>Zg\u0142aszaj\u0105c takie \u017c\u0105danie podaj:<\/p>\n<ul>\n<li>swoje imi\u0119 i nazwisko,<\/li>\n<li>swoje dane kontaktowe (np. numer telefonu, e-mail),<\/li>\n<li>dok\u0142adny adres strony internetowej, na kt\u00f3rej jest niedost\u0119pny cyfrowo<br \/>\nelement lub tre\u015b\u0107,<\/li>\n<li>opis na czym polega problem i jaki spos\u00f3b jego rozwi\u0105zania by\u0142by dla<br \/>\nCiebie najwygodniejszy.<\/li>\n<\/ul>\n<p>Na Twoje zg\u0142oszenie odpowiemy najszybciej jak to mo\u017cliwe, nie p\u00f3\u017aniej ni\u017c<br \/>\nw ci\u0105gu 7 dni od jego otrzymania.<\/p>\n<p>Je\u017celi ten termin b\u0119dzie dla nas zbyt kr\u00f3tki poinformujemy Ci\u0119 o tym. W<br \/>\ntej informacji podamy nowy termin, do kt\u00f3rego poprawimy zg\u0142oszone przez<br \/>\nCiebie b\u0142\u0119dy lub przygotujemy informacje w alternatywny spos\u00f3b. Ten nowy<br \/>\ntermin nie b\u0119dzie d\u0142u\u017cszy ni\u017c 2 miesi\u0105ce.<\/p>\n<p>Je\u017celi nie b\u0119dziemy w stanie zapewni\u0107 dost\u0119pno\u015bci cyfrowej strony<br \/>\ninternetowej lub tre\u015bci, wskazanej w Twoim \u017c\u0105daniu, zaproponujemy Ci dost\u0119p<br \/>\ndo nich w alternatywny spos\u00f3b.<\/p>\n<\/section>\n<section id=\"a11y-procedura\">\n<h2>Obs\u0142uga wniosk\u00f3w i skarg zwi\u0105zanych z dost\u0119pno\u015bci\u0105<\/h2>\n<p>Je\u017celi w odpowiedzi na Tw\u00f3j wniosek o zapewnienie dost\u0119pno\u015bci cyfrowej,<br \/>\nodm\u00f3wimy zapewnienia \u017c\u0105danej przez Ciebie dost\u0119pno\u015bci cyfrowej, a Ty nie<br \/>\nzgadzasz si\u0119 z t\u0105 odmow\u0105, masz prawo z\u0142o\u017cy\u0107 skarg\u0119.<\/p>\n<p>Skarg\u0119 masz prawo z\u0142o\u017cy\u0107 tak\u017ce, je\u015bli nie zgadzasz si\u0119 na skorzystanie z<br \/>\nalternatywnego sposobu dost\u0119pu, kt\u00f3ry zaproponowali\u015bmy Ci w odpowiedzi na<br \/>\nTw\u00f3j wniosek o zapewnienie dost\u0119pno\u015bci cyfrowej.<\/p>\n<p>Ewentualn\u0105 skarg\u0119 z\u0142\u00f3\u017c listownie lub mailem do kierownictwa naszego<br \/>\nurz\u0119du:<\/p>\n<ul>\n<li><span id=\"a11y-procedura-kierownik\">Jolanta Ceran &#8211;<br \/>\nDyrektor<\/span>,<\/li>\n<li>Adres: <span id=\"a11y-procedura-adres\">ul. Mickiewicza 24<\/span>,<\/li>\n<li>mejl: <a id=\"a11y-procedura-email\"\nhref=\"mailto:sekretariat@zszs.walbrzych.pl\">sekretariat@zszs.walbrzych.pl<\/a\n\n.<\/li>\n<\/ul>\n<p><a\nhref=\"https:\/\/www.gov.pl\/web\/gov\/zloz-wniosek-o-zapewnienie-dostepnosci-cyfr\nowej-strony-internetowej-lub-aplikacji-mobilnej\">Pomocne mog\u0105 by\u0107<br \/>\ninformacje, kt\u00f3re mo\u017cna znale\u017a\u0107 na rz\u0105dowym portalu gov.pl<\/a>.<\/p>\n<p>Mo\u017cesz tak\u017ce poinformowa\u0107 o tej sytuacji <a\nhref=\"https:\/\/bip.brpo.gov.pl\/\">Rzecznika Praw Obywatelskich<\/a> i poprosi\u0107<br \/>\no interwencj\u0119 w Twojej sprawie.<\/p>\n<\/section>\n<section>\n<h2>Pozosta\u0142e informacje<\/h2>\n<section id=\"a11y-architektura\">\n<h3>Dost\u0119pno\u015b\u0107 architektoniczna<\/h3>\n<section>\n<h4>Zesp\u00f3\u0142 Szk\u00f3\u0142 Zawodowych Specjalnych<\/h4>\n<address>\n<div>Mickiewicza 24<\/div>\n<div>58-300 Wa\u0142brzych<\/div>\n<\/address>\n<section>\n<h5>Parking<\/h5>\n<ul>\n<li>Mo\u017cesz skorzysta\u0107 z miejsca parkingowego. Na parkingu wyznaczyli\u015bmy 1<br \/>\nmiejsc przeznaczonych dla os\u00f3b niepe\u0142nosprawnych. Pami\u0119taj o zabraniu karty<br \/>\nparkingowej i umieszczeniu jej za szyb\u0105.<\/li>\n<li>Od miejsca parkingowego do wej\u015bcia do budynku odleg\u0142o\u015b\u0107 wynosi oko\u0142o 4<br \/>\nmetr\u00f3w.<\/li>\n<li>Parking jest bezp\u0142atny.<\/li>\n<li>\n<div>Parking zlokalizowany po prawej stronie drzwi wej\u015bciowych<\/div>\n<\/li>\n<\/ul>\n<\/section>\n<section>\n<h5>Pies asystuj\u0105cy<\/h5>\n<ul>\n<li>Mo\u017cesz przyj\u015b\u0107 z psem asystuj\u0105cym lub psem przewodnikiem. Pami\u0119taj o<br \/>\ncertyfikacie psa asystuj\u0105cego i za\u015bwiadczeniu o szczepieniu.<\/li>\n<li>Zapewniamy wod\u0119 dla zwierzaka.<\/li>\n<\/ul>\n<\/section>\n<section>\n<h5>Wej\u015bcie do budynku<\/h5>\n<ul>\n<li>\n<div>Wej\u015bcie znajduje si\u0119 od strony podw\u00f3rka<\/div>\n<\/li>\n<li>Wej\u015bcie jest na poziomie gruntu. Nie ma przeszk\u00f3d, by wjecha\u0107 na<br \/>\nw\u00f3zku.<\/li>\n<li>Drzwi musisz otworzy\u0107 r\u0119cznie.<\/li>\n<li>Otwieraj\u0105 si\u0119 na zewn\u0105trz.<\/li>\n<li>Otworzenie drzwi nie wymaga du\u017cej si\u0142y.<\/li>\n<li>Skorzystaj z dzwonka przy drzwiach.<\/li>\n<\/ul>\n<\/section>\n<section>\n<h5>Przestrze\u0144 za wej\u015bciem<\/h5>\n<ul>\n<li>\n<div>Za wej\u015bciem znajduje si\u0119 wej\u015bciem znajduje si\u0119 winda oraz schody<br \/>\nwej\u015bciowe<\/div>\n<\/li>\n<li>Pomieszczenie jest dobrze o\u015bwietlone.<\/li>\n<\/ul>\n<\/section>\n<section>\n<h5>Ci\u0105gi poziome<\/h5>\n<ul>\n<li>Pomieszczenia znajduj\u0105 si\u0119 na 4 kondygnacjach.<\/li>\n<li>Wszystkie korytarze s\u0105 dost\u0119pne.<\/li>\n<\/ul>\n<\/section>\n<section>\n<h5>Ci\u0105gi pionowe<\/h5>\n<ul>\n<li>Mo\u017cesz skorzysta\u0107 z windy.<\/li>\n<\/ul>\n<section>\n<h6>Schody<\/h6>\n<ul>\n<li>Stopnie s\u0105 oznaczone kontrastowo<\/li>\n<\/ul>\n<\/section>\n<section>\n<h6>Winda<\/h6>\n<ul>\n<li>Drzwi musisz otworzy\u0107 r\u0119cznie<\/li>\n<li>Szeroko\u015b\u0107 drzwi wynosi 90 centymetr\u00f3w<\/li>\n<li>Winda znajduje si\u0119 w budynku<\/li>\n<li>\n<div>Aktualnie winda jest nieczynna<\/div>\n<\/li>\n<li>Przyciski steruj\u0105ce maj\u0105 opisy w alfabecie Braille&#8217;a.<\/li>\n<li>Przyciski steruj\u0105ce maj\u0105 du\u017ce oznaczenia.<\/li>\n<li>Oznaczenia s\u0105 kontrastowe.<\/li>\n<\/ul>\n<\/section>\n<\/section>\n<section>\n<h5>Pomieszczenia<\/h5>\n<ul>\n<li>Wszystkie pomieszczenia s\u0105 dost\u0119pne dla os\u00f3b na w\u00f3zkach.<\/li>\n<\/ul>\n<\/section>\n<section>\n<h5>\u0141azienka<\/h5>\n<ul>\n<li>W budynku jest toaleta dost\u0119pna dla os\u00f3b z niepe\u0142nosprawno\u015bci\u0105.<\/li>\n<li>Drzwi otwieraj\u0105 si\u0119 na zewn\u0105trz.<\/li>\n<li>Na \u015bcianach s\u0105 zamontowane por\u0119cze.<\/li>\n<li>Pochwyt jest po prawej stronie ust\u0119pu.<\/li>\n<\/ul>\n<\/section>\n<\/section>\n<\/section>\n<section id=\"a11y-komunikacja\">\n<h3>Dost\u0119pno\u015b\u0107 komunikacyjno-informacyjna<\/h3>\n<ul>\n<li>Aktualny raport z zapewnienia dost\u0119pno\u015bci:<\/li>\n<\/ul>\n<\/section>\n<\/section>\n","protected":false},"excerpt":{"rendered":"<p>Deklaracja dost\u0119pno\u015bci Zesp\u00f3\u0142 Szk\u00f3\u0142 Zawodowych Specjalnych zobowi\u0105zuje si\u0119 zapewni\u0107 dost\u0119pno\u015b\u0107 swojej strony internetowej zgodnie z ustaw\u0105 z dnia 4 kwietnia 2019 r. o dost\u0119pno\u015bci cyfrowej stron internetowych i aplikacji mobilnych podmiot\u00f3w publicznych. Deklaracja dost\u0119pno\u015bci dotyczy strony https:\/\/zszs.walbrzych.pl\/. Data publikacji strony internetowej: 8 sierpnia 2011 r. Data ostatniej istotnej aktualizacji: 29 marca 2021 r. Stan dost\u0119pno\u015bci [&hellip;]<\/p>\n","protected":false},"author":2,"featured_media":0,"parent":0,"menu_order":0,"comment_status":"closed","ping_status":"closed","template":"","meta":{"footnotes":""},"class_list":["post-558","page","type-page","status-publish","hentry"],"_links":{"self":[{"href":"https:\/\/zszs.walbrzych.pl\/zszs.walbrzych.pl\/wp-json\/wp\/v2\/pages\/558","targetHints":{"allow":["GET"]}}],"collection":[{"href":"https:\/\/zszs.walbrzych.pl\/zszs.walbrzych.pl\/wp-json\/wp\/v2\/pages"}],"about":[{"href":"https:\/\/zszs.walbrzych.pl\/zszs.walbrzych.pl\/wp-json\/wp\/v2\/types\/page"}],"author":[{"embeddable":true,"href":"https:\/\/zszs.walbrzych.pl\/zszs.walbrzych.pl\/wp-json\/wp\/v2\/users\/2"}],"replies":[{"embeddable":true,"href":"https:\/\/zszs.walbrzych.pl\/zszs.walbrzych.pl\/wp-json\/wp\/v2\/comments?post=558"}],"version-history":[{"count":10,"href":"https:\/\/zszs.walbrzych.pl\/zszs.walbrzych.pl\/wp-json\/wp\/v2\/pages\/558\/revisions"}],"predecessor-version":[{"id":1271,"href":"https:\/\/zszs.walbrzych.pl\/zszs.walbrzych.pl\/wp-json\/wp\/v2\/pages\/558\/revisions\/1271"}],"wp:attachment":[{"href":"https:\/\/zszs.walbrzych.pl\/zszs.walbrzych.pl\/wp-json\/wp\/v2\/media?parent=558"}],"curies":[{"name":"wp","href":"https:\/\/api.w.org\/{rel}","templated":true}]}}