{"id":47,"date":"2018-09-27T09:32:02","date_gmt":"2018-09-27T09:32:02","guid":{"rendered":"https:\/\/zszs.walbrzych.pl\/zszs.walbrzych.pl\/?page_id=47"},"modified":"2021-03-31T10:32:00","modified_gmt":"2021-03-31T10:32:00","slug":"zszs-glowna","status":"publish","type":"page","link":"https:\/\/zszs.walbrzych.pl\/zszs.walbrzych.pl\/","title":{"rendered":"zszs-glowna"},"content":{"rendered":"<p>[et_pb_section fb_built=&#8221;1&#8243; _builder_version=&#8221;3.0.86&#8243; background_image=&#8221;https:\/\/zszs.walbrzych.pl\/zszs.walbrzych.pl\/wp-content\/uploads\/2018\/09\/budynek_zszs.png&#8221;][et_pb_row _builder_version=&#8221;3.0.86&#8243;][et_pb_column type=&#8221;4_4&#8243; _builder_version=&#8221;3.0.47&#8243; parallax=&#8221;off&#8221; parallax_method=&#8221;on&#8221;][et_pb_text admin_label=&#8221;Headline&#8221; _builder_version=&#8221;3.0.86&#8243; text_font=&#8221;Montserrat||||||||&#8221; text_font_size=&#8221;17px&#8221; text_font_size_phone=&#8221;15px&#8221; text_font_size_last_edited=&#8221;on|phone&#8221; text_text_color=&#8221;rgba(255,255,255,0.7)&#8221; text_line_height=&#8221;1.8em&#8221; text_text_shadow_style=&#8221;preset3&#8243; header_font=&#8221;Montserrat|700|||||||&#8221; header_font_size=&#8221;44px&#8221; header_font_size_phone=&#8221;28px&#8221; header_font_size_last_edited=&#8221;on|phone&#8221; header_line_height=&#8221;1.2em&#8221; header_6_font=&#8221;Montserrat|700||on|||||&#8221; header_6_font_size=&#8221;12px&#8221; header_6_text_color=&#8221;#ffffff&#8221; header_6_letter_spacing=&#8221;1px&#8221; header_6_line_height=&#8221;1.5em&#8221; text_orientation=&#8221;center&#8221; module_alignment=&#8221;center&#8221; animation_style=&#8221;fade&#8221;]<\/p>\n<h3><span style=\"color: #ffffff;\">Bran\u017cowa Szko\u0142a Specjalna I Stopnia<\/span><\/h3>\n<h1 class=\"et_pb_slide_title\"><span style=\"color: #ffffff;\">Zesp\u00f3\u0142 Szk\u00f3\u0142 Zawodowych Specjalnych<\/span><\/h1>\n<h3><span style=\"color: #ffffff;\">Szko\u0142a Specjalna Przysposabiaj\u0105ca do Pracy<\/span><\/h3>\n<p>[\/et_pb_text][et_pb_code admin_label=&#8221;Code CSS&#8221; _builder_version=&#8221;3.0.86&#8243; custom_padding=&#8221;0px||0px|&#8221;]&lt;style&gt;&lt;!&#8211; [et_pb_line_break_holder] &#8211;&gt;.column_shadow{&lt;!&#8211; [et_pb_line_break_holder] &#8211;&gt;box-shadow: 0px 2px 50px 0px rgba(0,0,0,0.1);&lt;!&#8211; [et_pb_line_break_holder] &#8211;&gt;border-radius: 8px;&lt;!&#8211; [et_pb_line_break_holder] &#8211;&gt;border-bottom: 6px solid rgba(57,80,215,1);&lt;!&#8211; [et_pb_line_break_holder] &#8211;&gt;}&lt;!&#8211; [et_pb_line_break_holder] &#8211;&gt;&lt;\/style&gt;[\/et_pb_code][\/et_pb_column][\/et_pb_row][\/et_pb_section][et_pb_section fb_built=&#8221;1&#8243; _builder_version=&#8221;3.0.47&#8243;][et_pb_row _builder_version=&#8221;3.0.47&#8243; background_size=&#8221;initial&#8221; background_position=&#8221;top_left&#8221; background_repeat=&#8221;repeat&#8221;][et_pb_column type=&#8221;3_4&#8243; _builder_version=&#8221;3.0.47&#8243; parallax=&#8221;off&#8221; parallax_method=&#8221;on&#8221;][et_pb_blog posts_number=&#8221;10&#8243; include_categories=&#8221;9&#8243; show_more=&#8221;on&#8221; show_author=&#8221;off&#8221; show_categories=&#8221;off&#8221; offset_number=&#8221;0&#8243; use_overlay=&#8221;on&#8221; admin_label=&#8221;news&#8221; _builder_version=&#8221;3.0.86&#8243; pagination_font_size_tablet=&#8221;51&#8243; pagination_line_height_tablet=&#8221;2&#8243;][\/et_pb_blog][\/et_pb_column][et_pb_column type=&#8221;1_4&#8243; _builder_version=&#8221;3.0.47&#8243; parallax=&#8221;off&#8221; parallax_method=&#8221;on&#8221;][et_pb_sidebar area=&#8221;sidebar-1&#8243; show_border=&#8221;off&#8221; _builder_version=&#8221;3.0.86&#8243;][\/et_pb_sidebar][\/et_pb_column][\/et_pb_row][\/et_pb_section][et_pb_section fb_built=&#8221;1&#8243; admin_label=&#8221;Hero&#8221; custom_padding_last_edited=&#8221;off|desktop&#8221; _builder_version=&#8221;3.0.86&#8243; use_background_color_gradient=&#8221;on&#8221; background_color_gradient_start=&#8221;rgba(57,80,215,0.7)&#8221; background_color_gradient_end=&#8221;#3950d7&#8243; background_color_gradient_type=&#8221;radial&#8221; background_color_gradient_direction_radial=&#8221;top right&#8221; background_color_gradient_start_position=&#8221;20%&#8221; background_color_gradient_overlays_image=&#8221;on&#8221; background_image=&#8221;https:\/\/zszs.walbrzych.pl\/zszs.walbrzych.pl\/wp-content\/uploads\/2018\/10\/desk-bg-hero.jpg&#8221; custom_padding=&#8221;100px||100px||true&#8221; custom_padding_tablet=&#8221;50px||50px||true&#8221; custom_padding_phone=&#8221;|||&#8221; global_module=&#8221;109&#8243;][et_pb_row custom_padding=&#8221;27px|0|27px|2px|false|false&#8221; custom_padding_tablet=&#8221;0px|0px|0px|0px|true|true&#8221; custom_padding_last_edited=&#8221;on|tablet&#8221; _builder_version=&#8221;3.0.86&#8243;][et_pb_column type=&#8221;1_3&#8243; _builder_version=&#8221;3.0.47&#8243; parallax=&#8221;off&#8221; parallax_method=&#8221;on&#8221;][et_pb_blurb title=&#8221;Adres&#8221; use_icon=&#8221;on&#8221; font_icon=&#8221;%%122%%&#8221; icon_color=&#8221;#ffffff&#8221; use_circle=&#8221;on&#8221; circle_color=&#8221;rgba(255,255,255,0.25)&#8221; background_layout=&#8221;dark&#8221; use_icon_font_size=&#8221;on&#8221; icon_font_size=&#8221;30px&#8221; admin_label=&#8221;Adres&#8221; _builder_version=&#8221;3.0.86&#8243; header_font=&#8221;|700|||||||&#8221; header_line_height=&#8221;1.4em&#8221; body_font=&#8221;Poppins||||||||&#8221; body_text_color=&#8221;rgba(255,255,255,0.74)&#8221; body_line_height=&#8221;1.6em&#8221; text_orientation=&#8221;center&#8221; animation_style=&#8221;slide&#8221; animation_direction=&#8221;bottom&#8221; animation_intensity_slide=&#8221;5%&#8221; animation=&#8221;off&#8221; custom_css_blurb_image=&#8221;margin-bottom: 15px;&#8221;]<\/p>\n<p>Wa\u0142brzych 58-300<br \/>ul. Mickiewicza 24<\/p>\n<p>[\/et_pb_blurb][\/et_pb_column][et_pb_column type=&#8221;1_3&#8243; _builder_version=&#8221;3.0.47&#8243; parallax=&#8221;off&#8221; parallax_method=&#8221;on&#8221;][et_pb_blurb title=&#8221;Telefon&#8221; use_icon=&#8221;on&#8221; font_icon=&#8221;%%264%%&#8221; icon_color=&#8221;#ffffff&#8221; use_circle=&#8221;on&#8221; circle_color=&#8221;rgba(255,255,255,0.25)&#8221; background_layout=&#8221;dark&#8221; use_icon_font_size=&#8221;on&#8221; icon_font_size=&#8221;30px&#8221; admin_label=&#8221;Telefon&#8221; _builder_version=&#8221;3.0.86&#8243; header_font=&#8221;|700|||||||&#8221; header_line_height=&#8221;1.4em&#8221; body_font=&#8221;Poppins||||||||&#8221; body_text_color=&#8221;rgba(255,255,255,0.74)&#8221; body_line_height=&#8221;1.6em&#8221; text_orientation=&#8221;center&#8221; animation_style=&#8221;slide&#8221; animation_direction=&#8221;bottom&#8221; animation_delay=&#8221;150ms&#8221; animation_intensity_slide=&#8221;5%&#8221; animation=&#8221;off&#8221; custom_css_blurb_image=&#8221;margin-bottom: 15px;&#8221;]<\/p>\n<p>74 842 25 80 &#8211; Sekretariat<\/p>\n<p>[\/et_pb_blurb][\/et_pb_column][et_pb_column type=&#8221;1_3&#8243; _builder_version=&#8221;3.0.47&#8243; parallax=&#8221;off&#8221; parallax_method=&#8221;on&#8221;][et_pb_blurb title=&#8221;Email&#8221; use_icon=&#8221;on&#8221; font_icon=&#8221;%%122%%&#8221; icon_color=&#8221;#ffffff&#8221; use_circle=&#8221;on&#8221; circle_color=&#8221;rgba(255,255,255,0.25)&#8221; background_layout=&#8221;dark&#8221; use_icon_font_size=&#8221;on&#8221; icon_font_size=&#8221;30px&#8221; admin_label=&#8221;Email&#8221; _builder_version=&#8221;3.0.86&#8243; header_font=&#8221;|700|||||||&#8221; header_line_height=&#8221;1.4em&#8221; body_font=&#8221;Poppins||||||||&#8221; body_text_color=&#8221;rgba(255,255,255,0.74)&#8221; body_line_height=&#8221;1.6em&#8221; text_orientation=&#8221;center&#8221; animation_style=&#8221;slide&#8221; animation_direction=&#8221;bottom&#8221; animation_delay=&#8221;300ms&#8221; animation_intensity_slide=&#8221;5%&#8221; animation=&#8221;off&#8221; custom_css_blurb_image=&#8221;margin-bottom: 15px;&#8221;]<\/p>\n<p>sekretariat@zszs.walbrzych.pl<\/p>\n<p>[\/et_pb_blurb][\/et_pb_column][\/et_pb_row][\/et_pb_section]<\/p>\n","protected":false},"excerpt":{"rendered":"<p>[et_pb_section fb_built=&#8221;1&#8243; _builder_version=&#8221;3.0.86&#8243; background_image=&#8221;https:\/\/zszs.walbrzych.pl\/zszs.walbrzych.pl\/wp-content\/uploads\/2018\/09\/budynek_zszs.png&#8221;][et_pb_row _builder_version=&#8221;3.0.86&#8243;][et_pb_column type=&#8221;4_4&#8243; _builder_version=&#8221;3.0.47&#8243; parallax=&#8221;off&#8221; parallax_method=&#8221;on&#8221;][et_pb_text admin_label=&#8221;Headline&#8221; _builder_version=&#8221;3.0.86&#8243; text_font=&#8221;Montserrat||||||||&#8221; text_font_size=&#8221;17px&#8221; text_font_size_phone=&#8221;15px&#8221; text_font_size_last_edited=&#8221;on|phone&#8221; text_text_color=&#8221;rgba(255,255,255,0.7)&#8221; text_line_height=&#8221;1.8em&#8221; text_text_shadow_style=&#8221;preset3&#8243; header_font=&#8221;Montserrat|700|||||||&#8221; header_font_size=&#8221;44px&#8221; header_font_size_phone=&#8221;28px&#8221; header_font_size_last_edited=&#8221;on|phone&#8221; header_line_height=&#8221;1.2em&#8221; header_6_font=&#8221;Montserrat|700||on|||||&#8221; header_6_font_size=&#8221;12px&#8221; header_6_text_color=&#8221;#ffffff&#8221; header_6_letter_spacing=&#8221;1px&#8221; header_6_line_height=&#8221;1.5em&#8221; text_orientation=&#8221;center&#8221; module_alignment=&#8221;center&#8221; animation_style=&#8221;fade&#8221;] Bran\u017cowa Szko\u0142a Specjalna I Stopnia Zesp\u00f3\u0142 Szk\u00f3\u0142 Zawodowych Specjalnych Szko\u0142a Specjalna Przysposabiaj\u0105ca do Pracy [\/et_pb_text][et_pb_code admin_label=&#8221;Code CSS&#8221; _builder_version=&#8221;3.0.86&#8243; custom_padding=&#8221;0px||0px|&#8221;]&lt;style&gt;&lt;!&#8211; [et_pb_line_break_holder] &#8211;&gt;.column_shadow{&lt;!&#8211; [et_pb_line_break_holder] &#8211;&gt;box-shadow: 0px [&hellip;]<\/p>\n","protected":false},"author":1,"featured_media":0,"parent":0,"menu_order":0,"comment_status":"closed","ping_status":"closed","template":"","meta":{"footnotes":""},"class_list":["post-47","page","type-page","status-publish","hentry"],"_links":{"self":[{"href":"https:\/\/zszs.walbrzych.pl\/zszs.walbrzych.pl\/wp-json\/wp\/v2\/pages\/47","targetHints":{"allow":["GET"]}}],"collection":[{"href":"https:\/\/zszs.walbrzych.pl\/zszs.walbrzych.pl\/wp-json\/wp\/v2\/pages"}],"about":[{"href":"https:\/\/zszs.walbrzych.pl\/zszs.walbrzych.pl\/wp-json\/wp\/v2\/types\/page"}],"author":[{"embeddable":true,"href":"https:\/\/zszs.walbrzych.pl\/zszs.walbrzych.pl\/wp-json\/wp\/v2\/users\/1"}],"replies":[{"embeddable":true,"href":"https:\/\/zszs.walbrzych.pl\/zszs.walbrzych.pl\/wp-json\/wp\/v2\/comments?post=47"}],"version-history":[{"count":39,"href":"https:\/\/zszs.walbrzych.pl\/zszs.walbrzych.pl\/wp-json\/wp\/v2\/pages\/47\/revisions"}],"predecessor-version":[{"id":655,"href":"https:\/\/zszs.walbrzych.pl\/zszs.walbrzych.pl\/wp-json\/wp\/v2\/pages\/47\/revisions\/655"}],"wp:attachment":[{"href":"https:\/\/zszs.walbrzych.pl\/zszs.walbrzych.pl\/wp-json\/wp\/v2\/media?parent=47"}],"curies":[{"name":"wp","href":"https:\/\/api.w.org\/{rel}","templated":true}]}}