{"id":190,"date":"2018-10-24T08:04:29","date_gmt":"2018-10-24T08:04:29","guid":{"rendered":"https:\/\/zszs.walbrzych.pl\/zszs.walbrzych.pl\/?page_id=190"},"modified":"2018-10-28T20:59:29","modified_gmt":"2018-10-28T20:59:29","slug":"kontakt","status":"publish","type":"page","link":"https:\/\/zszs.walbrzych.pl\/zszs.walbrzych.pl\/kontakt\/","title":{"rendered":"kontakt"},"content":{"rendered":"<p>[et_pb_section bb_built=&#8221;1&#8243; fullwidth=&#8221;off&#8221;][et_pb_row][et_pb_column type=&#8221;1_3&#8243;][et_pb_text background_layout=&#8221;light&#8221; _builder_version=&#8221;3.0.86&#8243;]<\/p>\n<h3>Zesp\u00f3\u0142 Szk\u00f3\u0142 Zawodowych Specjalnych<\/h3>\n<p><strong>Adres:<\/strong>\u00a0ul. Mickiewicza 24,\u00a058-300 Wa\u0142brzych<\/p>\n<p><strong>Telefon:<\/strong> 74 8422580<\/p>\n<p><strong>Godziny urz\u0119dowania:<\/strong> 8:00-16:00<\/p>\n<p>[\/et_pb_text][\/et_pb_column][et_pb_column type=&#8221;2_3&#8243;][et_pb_contact_form captcha=&#8221;on&#8221; title=&#8221;Napisz do Nas&#8221; _builder_version=&#8221;3.0.86&#8243; success_message=&#8221;Wiadomo\u015b\u0107 wys\u0142ana&#8221; submit_button_text=&#8221;Wy\u015blij&#8221; email=&#8221;sekretariat@zszs.walbrzych.pl&#8221; use_redirect=&#8221;off&#8221; custom_button=&#8221;off&#8221; button_icon_placement=&#8221;right&#8221;]<\/p>\n<p>[et_pb_contact_field field_title=&#8221;Imi\u0119&#8221; field_type=&#8221;input&#8221; field_id=&#8221;Imie&#8221; required_mark=&#8221;on&#8221; fullwidth_field=&#8221;off&#8221; _builder_version=&#8221;3.0.86&#8243; checkbox_checked=&#8221;off&#8221; checkbox_options=&#8221;%91{%22value%22:%22Name%22,%22checked%22:0}%93&#8243; radio_options=&#8221;%91{%22value%22:%22Name%22,%22checked%22:0}%93&#8243; select_options=&#8221;%91{%22value%22:%22Name%22,%22checked%22:0}%93&#8243; min_length=&#8221;0&#8243; max_length=&#8221;0&#8243; allowed_symbols=&#8221;all&#8221; conditional_logic=&#8221;off&#8221; conditional_logic_relation=&#8221;off&#8221; conditional_logic_rules=&#8221;%91{%22field%22:%22email%22,%22condition%22:%22is%22,%22value%22:%22%22}%93&#8243; use_background_color_gradient=&#8221;off&#8221; background_color_gradient_start=&#8221;#2b87da&#8221; background_color_gradient_end=&#8221;#29c4a9&#8243; background_color_gradient_type=&#8221;linear&#8221; background_color_gradient_direction=&#8221;180deg&#8221; background_color_gradient_direction_radial=&#8221;center&#8221; background_color_gradient_start_position=&#8221;0%&#8221; background_color_gradient_end_position=&#8221;100%&#8221; background_color_gradient_overlays_image=&#8221;off&#8221; parallax=&#8221;off&#8221; parallax_method=&#8221;on&#8221; background_size=&#8221;cover&#8221; background_position=&#8221;center&#8221; background_repeat=&#8221;no-repeat&#8221; background_blend=&#8221;normal&#8221; allow_player_pause=&#8221;off&#8221; form_field_text_shadow_horizontal_length=&#8221;0em&#8221; form_field_text_shadow_vertical_length=&#8221;0em&#8221; form_field_text_shadow_blur_strength=&#8221;0em&#8221; \/][et_pb_contact_field field_title=&#8221;Email &#8221; field_type=&#8221;email&#8221; field_id=&#8221;Email&#8221; required_mark=&#8221;on&#8221; fullwidth_field=&#8221;off&#8221; _builder_version=&#8221;3.0.86&#8243; checkbox_checked=&#8221;off&#8221; checkbox_options=&#8221;%91{%22value%22:%22Email Address%22,%22checked%22:0}%93&#8243; radio_options=&#8221;%91{%22value%22:%22Email Address%22,%22checked%22:0}%93&#8243; select_options=&#8221;%91{%22value%22:%22Email Address%22,%22checked%22:0}%93&#8243; min_length=&#8221;0&#8243; max_length=&#8221;0&#8243; allowed_symbols=&#8221;all&#8221; conditional_logic=&#8221;off&#8221; conditional_logic_relation=&#8221;off&#8221; conditional_logic_rules=&#8221;%91{%22field%22:%22imie%22,%22condition%22:%22is%22,%22value%22:%22%22}%93&#8243; use_background_color_gradient=&#8221;off&#8221; background_color_gradient_start=&#8221;#2b87da&#8221; background_color_gradient_end=&#8221;#29c4a9&#8243; background_color_gradient_type=&#8221;linear&#8221; background_color_gradient_direction=&#8221;180deg&#8221; background_color_gradient_direction_radial=&#8221;center&#8221; background_color_gradient_start_position=&#8221;0%&#8221; background_color_gradient_end_position=&#8221;100%&#8221; background_color_gradient_overlays_image=&#8221;off&#8221; parallax=&#8221;off&#8221; parallax_method=&#8221;on&#8221; background_size=&#8221;cover&#8221; background_position=&#8221;center&#8221; background_repeat=&#8221;no-repeat&#8221; background_blend=&#8221;normal&#8221; allow_player_pause=&#8221;off&#8221; form_field_text_shadow_horizontal_length=&#8221;0em&#8221; form_field_text_shadow_vertical_length=&#8221;0em&#8221; form_field_text_shadow_blur_strength=&#8221;0em&#8221; \/][et_pb_contact_field field_title=&#8221;Tre\u015b\u0107&#8221; field_type=&#8221;text&#8221; field_id=&#8221;Tresc&#8221; required_mark=&#8221;on&#8221; fullwidth_field=&#8221;on&#8221; _builder_version=&#8221;3.0.86&#8243; checkbox_checked=&#8221;off&#8221; checkbox_options=&#8221;%91{%22value%22:%22Message%22,%22checked%22:0}%93&#8243; radio_options=&#8221;%91{%22value%22:%22Message%22,%22checked%22:0}%93&#8243; select_options=&#8221;%91{%22value%22:%22Message%22,%22checked%22:0}%93&#8243; min_length=&#8221;0&#8243; max_length=&#8221;0&#8243; allowed_symbols=&#8221;all&#8221; conditional_logic=&#8221;off&#8221; conditional_logic_relation=&#8221;off&#8221; conditional_logic_rules=&#8221;%91{%22field%22:%22imie%22,%22condition%22:%22is%22,%22value%22:%22%22}%93&#8243; use_background_color_gradient=&#8221;off&#8221; background_color_gradient_start=&#8221;#2b87da&#8221; background_color_gradient_end=&#8221;#29c4a9&#8243; background_color_gradient_type=&#8221;linear&#8221; background_color_gradient_direction=&#8221;180deg&#8221; background_color_gradient_direction_radial=&#8221;center&#8221; background_color_gradient_start_position=&#8221;0%&#8221; background_color_gradient_end_position=&#8221;100%&#8221; background_color_gradient_overlays_image=&#8221;off&#8221; parallax=&#8221;off&#8221; parallax_method=&#8221;on&#8221; background_size=&#8221;cover&#8221; background_position=&#8221;center&#8221; background_repeat=&#8221;no-repeat&#8221; background_blend=&#8221;normal&#8221; allow_player_pause=&#8221;off&#8221; form_field_text_shadow_horizontal_length=&#8221;0em&#8221; form_field_text_shadow_vertical_length=&#8221;0em&#8221; form_field_text_shadow_blur_strength=&#8221;0em&#8221; \/]<\/p>\n<p>[\/et_pb_contact_form][\/et_pb_column][\/et_pb_row][\/et_pb_section][et_pb_section bb_built=&#8221;1&#8243; fullwidth=&#8221;off&#8221; specialty=&#8221;off&#8221;][et_pb_row][et_pb_column type=&#8221;4_4&#8243;][et_pb_code _builder_version=&#8221;3.0.86&#8243;]&lt;iframe src=&#8221;https:\/\/www.google.com\/maps\/embed?pb=!1m18!1m12!1m3!1d2523.6224505079604!2d16.281773215742827!3d50.76403397951991!2m3!1f0!2f0!3f0!3m2!1i1024!2i768!4f13.1!3m3!1m2!1s0x470e56ccd252105f%3A0xf8b2de9205ed9373!2sAdama+Mickiewicza+24%2C+58-300+Wa%C5%82brzych!5e0!3m2!1spl!2spl!4v1540760148282&#8243; width=&#8221;100%&#8221; height=&#8221;600&#8243; frameborder=&#8221;0&#8243; style=&#8221;border:0&#8243; allowfullscreen&gt;&lt;\/iframe&gt;[\/et_pb_code][\/et_pb_column][\/et_pb_row][\/et_pb_section]<\/p>\n","protected":false},"excerpt":{"rendered":"<p>[et_pb_section bb_built=&#8221;1&#8243; fullwidth=&#8221;off&#8221;][et_pb_row][et_pb_column type=&#8221;1_3&#8243;][et_pb_text background_layout=&#8221;light&#8221; _builder_version=&#8221;3.0.86&#8243;] Zesp\u00f3\u0142 Szk\u00f3\u0142 Zawodowych Specjalnych Adres:\u00a0ul. Mickiewicza 24,\u00a058-300 Wa\u0142brzych Telefon: 74 8422580 Godziny urz\u0119dowania: 8:00-16:00 [\/et_pb_text][\/et_pb_column][et_pb_column type=&#8221;2_3&#8243;][et_pb_contact_form captcha=&#8221;on&#8221; title=&#8221;Napisz do Nas&#8221; _builder_version=&#8221;3.0.86&#8243; success_message=&#8221;Wiadomo\u015b\u0107 wys\u0142ana&#8221; submit_button_text=&#8221;Wy\u015blij&#8221; email=&#8221;sekretariat@zszs.walbrzych.pl&#8221; use_redirect=&#8221;off&#8221; custom_button=&#8221;off&#8221; button_icon_placement=&#8221;right&#8221;] [et_pb_contact_field field_title=&#8221;Imi\u0119&#8221; field_type=&#8221;input&#8221; field_id=&#8221;Imie&#8221; required_mark=&#8221;on&#8221; fullwidth_field=&#8221;off&#8221; _builder_version=&#8221;3.0.86&#8243; checkbox_checked=&#8221;off&#8221; checkbox_options=&#8221;%91{%22value%22:%22Name%22,%22checked%22:0}%93&#8243; radio_options=&#8221;%91{%22value%22:%22Name%22,%22checked%22:0}%93&#8243; select_options=&#8221;%91{%22value%22:%22Name%22,%22checked%22:0}%93&#8243; min_length=&#8221;0&#8243; max_length=&#8221;0&#8243; allowed_symbols=&#8221;all&#8221; conditional_logic=&#8221;off&#8221; conditional_logic_relation=&#8221;off&#8221; conditional_logic_rules=&#8221;%91{%22field%22:%22email%22,%22condition%22:%22is%22,%22value%22:%22%22}%93&#8243; use_background_color_gradient=&#8221;off&#8221; background_color_gradient_start=&#8221;#2b87da&#8221; background_color_gradient_end=&#8221;#29c4a9&#8243; background_color_gradient_type=&#8221;linear&#8221; [&hellip;]<\/p>\n","protected":false},"author":1,"featured_media":0,"parent":0,"menu_order":0,"comment_status":"closed","ping_status":"closed","template":"","meta":{"footnotes":""},"class_list":["post-190","page","type-page","status-publish","hentry"],"_links":{"self":[{"href":"https:\/\/zszs.walbrzych.pl\/zszs.walbrzych.pl\/wp-json\/wp\/v2\/pages\/190","targetHints":{"allow":["GET"]}}],"collection":[{"href":"https:\/\/zszs.walbrzych.pl\/zszs.walbrzych.pl\/wp-json\/wp\/v2\/pages"}],"about":[{"href":"https:\/\/zszs.walbrzych.pl\/zszs.walbrzych.pl\/wp-json\/wp\/v2\/types\/page"}],"author":[{"embeddable":true,"href":"https:\/\/zszs.walbrzych.pl\/zszs.walbrzych.pl\/wp-json\/wp\/v2\/users\/1"}],"replies":[{"embeddable":true,"href":"https:\/\/zszs.walbrzych.pl\/zszs.walbrzych.pl\/wp-json\/wp\/v2\/comments?post=190"}],"version-history":[{"count":10,"href":"https:\/\/zszs.walbrzych.pl\/zszs.walbrzych.pl\/wp-json\/wp\/v2\/pages\/190\/revisions"}],"predecessor-version":[{"id":223,"href":"https:\/\/zszs.walbrzych.pl\/zszs.walbrzych.pl\/wp-json\/wp\/v2\/pages\/190\/revisions\/223"}],"wp:attachment":[{"href":"https:\/\/zszs.walbrzych.pl\/zszs.walbrzych.pl\/wp-json\/wp\/v2\/media?parent=190"}],"curies":[{"name":"wp","href":"https:\/\/api.w.org\/{rel}","templated":true}]}}